{"id":207,"date":"2013-04-16T22:37:12","date_gmt":"2013-04-16T20:37:12","guid":{"rendered":"http:\/\/www.polizeimotorsport.at\/?page_id=207"},"modified":"2025-12-17T12:37:18","modified_gmt":"2025-12-17T11:37:18","slug":"psv-wien-terminliste-2013","status":"publish","type":"page","link":"https:\/\/www.polizeimotorsport.at\/?page_id=207","title":{"rendered":"JAHRESPROGRAMM 2026"},"content":{"rendered":"<p>&nbsp;<\/p>\n<p><img loading=\"lazy\" decoding=\"async\" class=\"size-full wp-image-165\" src=\"http:\/\/www.polizeimotorsport.at\/wp-content\/uploads\/2013\/03\/logo.gif\" alt=\"PSV WIEN\" width=\"161\" height=\"58\" \/><b style=\"font-size: 24px;\">J A H R E S P R O G R A M M \u00a0\u00a0<\/b><span style=\"font-size: 24px; color: #000080;\"><b><br \/>\n<\/b><\/span><\/p>\n\n\t\t\t\t<div class=\"event-list\">\n\t\t\t\t<style type=\"text\/css\">\n\t\t\t\t\t.filterbar { display:table; width:100% }\n\t\t\t\t\t.filterbar > div { display:table-cell }\n\t\t\t\t<\/style>\n\t\t\t\t<!--[if lte IE 7]>\n\t\t\t\t<style>.filterbar > div { float:left }<\/style>\n\t\t\t\t<![endif]-->\n\t\t\t\t<div class=\"filterbar subsubsub\">\n\t\t\t\t\t<div style=\"text-align:left\"><ul class=\"hlist\"><li><a href=\"https:\/\/www.polizeimotorsport.at\/?page_id=207&#038;rest_route=%2Fwp%2Fv2%2Fpages%2F207&#038;date1=all\">Alle<\/a><\/li><li><strong>Anstehend<\/strong><\/li><li><a href=\"https:\/\/www.polizeimotorsport.at\/?page_id=207&#038;rest_route=%2Fwp%2Fv2%2Fpages%2F207&#038;date1=2013\">2013<\/a><\/li><li><a href=\"https:\/\/www.polizeimotorsport.at\/?page_id=207&#038;rest_route=%2Fwp%2Fv2%2Fpages%2F207&#038;date1=2014\">2014<\/a><\/li><li><a href=\"https:\/\/www.polizeimotorsport.at\/?page_id=207&#038;rest_route=%2Fwp%2Fv2%2Fpages%2F207&#038;date1=2015\">2015<\/a><\/li><li><a href=\"https:\/\/www.polizeimotorsport.at\/?page_id=207&#038;rest_route=%2Fwp%2Fv2%2Fpages%2F207&#038;date1=2016\">2016<\/a><\/li><li><a href=\"https:\/\/www.polizeimotorsport.at\/?page_id=207&#038;rest_route=%2Fwp%2Fv2%2Fpages%2F207&#038;date1=2017\">2017<\/a><\/li><li><a href=\"https:\/\/www.polizeimotorsport.at\/?page_id=207&#038;rest_route=%2Fwp%2Fv2%2Fpages%2F207&#038;date1=2018\">2018<\/a><\/li><li><a href=\"https:\/\/www.polizeimotorsport.at\/?page_id=207&#038;rest_route=%2Fwp%2Fv2%2Fpages%2F207&#038;date1=2019\">2019<\/a><\/li><li><a href=\"https:\/\/www.polizeimotorsport.at\/?page_id=207&#038;rest_route=%2Fwp%2Fv2%2Fpages%2F207&#038;date1=2020\">2020<\/a><\/li><li><a href=\"https:\/\/www.polizeimotorsport.at\/?page_id=207&#038;rest_route=%2Fwp%2Fv2%2Fpages%2F207&#038;date1=2021\">2021<\/a><\/li><li><a href=\"https:\/\/www.polizeimotorsport.at\/?page_id=207&#038;rest_route=%2Fwp%2Fv2%2Fpages%2F207&#038;date1=2022\">2022<\/a><\/li><li><a href=\"https:\/\/www.polizeimotorsport.at\/?page_id=207&#038;rest_route=%2Fwp%2Fv2%2Fpages%2F207&#038;date1=2023\">2023<\/a><\/li><li><a href=\"https:\/\/www.polizeimotorsport.at\/?page_id=207&#038;rest_route=%2Fwp%2Fv2%2Fpages%2F207&#038;date1=2024\">2024<\/a><\/li><li><a href=\"https:\/\/www.polizeimotorsport.at\/?page_id=207&#038;rest_route=%2Fwp%2Fv2%2Fpages%2F207&#038;date1=2025\">2025<\/a><\/li><li><a href=\"https:\/\/www.polizeimotorsport.at\/?page_id=207&#038;rest_route=%2Fwp%2Fv2%2Fpages%2F207&#038;date1=2026\">2026<\/a><\/li><\/ul>\n\t\t\t\t\t<\/div><\/div>\n\t\t\t\t<ul class=\"event-list-view\">\n\t\t\t \t<li class=\"event \">\n\t\t\t\t\t<div class=\"event-date\"><div class=\"enddate\"><div class=\"event-weekday\">Mo.<\/div><div class=\"event-day\">06<\/div><div class=\"event-month\">Apr.<\/div><div class=\"event-year\">2026<\/div><\/div><\/div>\n\t\t\t\t\t<div class=\"event-info multi-day\"><div class=\"event-title\"><h3><a href=\"https:\/\/www.polizeimotorsport.at\/?page_id=207&amp;rest_route=%2Fwp%2Fv2%2Fpages%2F207&amp;event_id1=4942\">Slalom \u00d6M MSC-Enzian in Teesdorf<\/a><\/h3><\/div><\/div>\n\t\t\t\t<\/li>\n\t\t\t \t<li class=\"event \">\n\t\t\t\t\t<div class=\"event-date\"><div class=\"enddate\"><div class=\"event-weekday\">Do.<\/div><div class=\"event-day\">16<\/div><div class=\"event-month\">Apr.<\/div><div class=\"event-year\">2026<\/div><\/div><\/div>\n\t\t\t\t\t<div class=\"event-info multi-day\"><div class=\"event-title\"><h3><a href=\"https:\/\/www.polizeimotorsport.at\/?page_id=207&amp;rest_route=%2Fwp%2Fv2%2Fpages%2F207&amp;event_id1=4905\">Clubabend<\/a><\/h3><\/div><span class=\"event-time\">18:00<\/span><span class=\"event-location\">Clublokal Wien 2., Handelskai 394<\/span><\/div>\n\t\t\t\t<\/li>\n\t\t\t \t<li class=\"event \">\n\t\t\t\t\t<div class=\"event-date\"><div class=\"enddate\"><div class=\"event-weekday\">Sa.<\/div><div class=\"event-day\">18<\/div><div class=\"event-month\">Apr.<\/div><div class=\"event-year\">2026<\/div><\/div><\/div>\n\t\t\t\t\t<div class=\"event-info multi-day\"><div class=\"event-title\"><h3><a href=\"https:\/\/www.polizeimotorsport.at\/?page_id=207&amp;rest_route=%2Fwp%2Fv2%2Fpages%2F207&amp;event_id1=4986\">Fr\u00fchlingsslalom<\/a><\/h3><\/div><span class=\"event-location\">Raasdorf<\/span><\/div>\n\t\t\t\t<\/li>\n\t\t\t \t<li class=\"event \">\n\t\t\t\t\t<div class=\"event-date\"><div class=\"enddate\"><div class=\"event-weekday\">Do.<\/div><div class=\"event-day\">07<\/div><div class=\"event-month\">Mai<\/div><div class=\"event-year\">2026<\/div><\/div><\/div>\n\t\t\t\t\t<div class=\"event-info multi-day\"><div class=\"event-title\"><h3><a href=\"https:\/\/www.polizeimotorsport.at\/?page_id=207&amp;rest_route=%2Fwp%2Fv2%2Fpages%2F207&amp;event_id1=4907\">Clubabend<\/a><\/h3><\/div><span class=\"event-time\">18:00<\/span><span class=\"event-location\">Clublokal Wien 2., Handelskai 394<\/span><\/div>\n\t\t\t\t<\/li>\n\t\t\t \t<li class=\"event \">\n\t\t\t\t\t<div class=\"event-date\"><div class=\"enddate\"><div class=\"event-weekday\">Do.<\/div><div class=\"event-day\">21<\/div><div class=\"event-month\">Mai<\/div><div class=\"event-year\">2026<\/div><\/div><\/div>\n\t\t\t\t\t<div class=\"event-info multi-day\"><div class=\"event-title\"><h3><a href=\"https:\/\/www.polizeimotorsport.at\/?page_id=207&amp;rest_route=%2Fwp%2Fv2%2Fpages%2F207&amp;event_id1=4909\">Clubabend<\/a><\/h3><\/div><span class=\"event-time\">18:00<\/span><span class=\"event-location\">Clublokal Wien 2., Handelskai 394<\/span><\/div>\n\t\t\t\t<\/li>\n\t\t\t \t<li class=\"event \">\n\t\t\t\t\t<div class=\"event-date\"><div class=\"enddate\"><div class=\"event-weekday\">Do.<\/div><div class=\"event-day\">04<\/div><div class=\"event-month\">Juni<\/div><div class=\"event-year\">2026<\/div><\/div><\/div>\n\t\t\t\t\t<div class=\"event-info multi-day\"><div class=\"event-title\"><h3><a href=\"https:\/\/www.polizeimotorsport.at\/?page_id=207&amp;rest_route=%2Fwp%2Fv2%2Fpages%2F207&amp;event_id1=4911\">Clubabend entf\u00e4llt wg. Feiertag<\/a><\/h3><\/div><span class=\"event-time\">18:00<\/span><span class=\"event-location\">Clublokal Wien 2., Handelskai 394<\/span><\/div>\n\t\t\t\t<\/li>\n\t\t\t \t<li class=\"event \">\n\t\t\t\t\t<div class=\"event-date\"><div class=\"enddate\"><div class=\"event-weekday\">Do.<\/div><div class=\"event-day\">18<\/div><div class=\"event-month\">Juni<\/div><div class=\"event-year\">2026<\/div><\/div><\/div>\n\t\t\t\t\t<div class=\"event-info multi-day\"><div class=\"event-title\"><h3><a href=\"https:\/\/www.polizeimotorsport.at\/?page_id=207&amp;rest_route=%2Fwp%2Fv2%2Fpages%2F207&amp;event_id1=4914\">Clubabend<\/a><\/h3><\/div><span class=\"event-time\">18:00<\/span><span class=\"event-location\">Clublokal Wien 2., Handelskai 394<\/span><\/div>\n\t\t\t\t<\/li>\n\t\t\t \t<li class=\"event \">\n\t\t\t\t\t<div class=\"event-date\"><div class=\"enddate\"><div class=\"event-weekday\">Do.<\/div><div class=\"event-day\">02<\/div><div class=\"event-month\">Juli<\/div><div class=\"event-year\">2026<\/div><\/div><\/div>\n\t\t\t\t\t<div class=\"event-info multi-day\"><div class=\"event-title\"><h3><a href=\"https:\/\/www.polizeimotorsport.at\/?page_id=207&amp;rest_route=%2Fwp%2Fv2%2Fpages%2F207&amp;event_id1=4916\">Clubabend<\/a><\/h3><\/div><span class=\"event-time\">18:00<\/span><span class=\"event-location\">Clublokal Wien 2., Handelskai 394<\/span><\/div>\n\t\t\t\t<\/li>\n\t\t\t \t<li class=\"event \">\n\t\t\t\t\t<div class=\"event-date\"><div class=\"enddate\"><div class=\"event-weekday\">Do.<\/div><div class=\"event-day\">16<\/div><div class=\"event-month\">Juli<\/div><div class=\"event-year\">2026<\/div><\/div><\/div>\n\t\t\t\t\t<div class=\"event-info multi-day\"><div class=\"event-title\"><h3><a href=\"https:\/\/www.polizeimotorsport.at\/?page_id=207&amp;rest_route=%2Fwp%2Fv2%2Fpages%2F207&amp;event_id1=4918\">Clubabend<\/a><\/h3><\/div><span class=\"event-time\">18:00<\/span><span class=\"event-location\">Clublokal Wien 2., Handelskai 394<\/span><\/div>\n\t\t\t\t<\/li>\n\t\t\t \t<li class=\"event \">\n\t\t\t\t\t<div class=\"event-date\"><div class=\"enddate\"><div class=\"event-weekday\">Do.<\/div><div class=\"event-day\">06<\/div><div class=\"event-month\">Aug.<\/div><div class=\"event-year\">2026<\/div><\/div><\/div>\n\t\t\t\t\t<div class=\"event-info multi-day\"><div class=\"event-title\"><h3><a href=\"https:\/\/www.polizeimotorsport.at\/?page_id=207&amp;rest_route=%2Fwp%2Fv2%2Fpages%2F207&amp;event_id1=4920\">Clubabend<\/a><\/h3><\/div><span class=\"event-time\">18:00<\/span><span class=\"event-location\">Clublokal Wien 2., Handelskai 394<\/span><\/div>\n\t\t\t\t<\/li>\n\t\t\t \t<li class=\"event \">\n\t\t\t\t\t<div class=\"event-date\"><div class=\"enddate\"><div class=\"event-weekday\">Sa.<\/div><div class=\"event-day\">15<\/div><div class=\"event-month\">Aug.<\/div><div class=\"event-year\">2026<\/div><\/div><\/div>\n\t\t\t\t\t<div class=\"event-info multi-day\"><div class=\"event-title\"><h3><a href=\"https:\/\/www.polizeimotorsport.at\/?page_id=207&amp;rest_route=%2Fwp%2Fv2%2Fpages%2F207&amp;event_id1=4940\">\u00d6M Polizeimotorsport-Autoslalom Teesdorf<\/a><\/h3><\/div><span class=\"event-location\">Teesdorf<\/span><div class=\"event-content\"><p>\u00d6M Lauf der Autoslalom-Staatsmeisterschaft inkl. Racecardwertung<br \/>\nim FTZ des \u00d6AMTC Teesdorf<br \/>\nInfos und Online Nennung unter<br \/>\n<a href=\"http:\/\/slalom-oem.at\/\">slalom-oem.at<\/a><\/p>\n<\/div><\/div>\n\t\t\t\t<\/li>\n\t\t\t \t<li class=\"event \">\n\t\t\t\t\t<div class=\"event-date\"><div class=\"enddate\"><div class=\"event-weekday\">Do.<\/div><div class=\"event-day\">20<\/div><div class=\"event-month\">Aug.<\/div><div class=\"event-year\">2026<\/div><\/div><\/div>\n\t\t\t\t\t<div class=\"event-info multi-day\"><div class=\"event-title\"><h3><a href=\"https:\/\/www.polizeimotorsport.at\/?page_id=207&amp;rest_route=%2Fwp%2Fv2%2Fpages%2F207&amp;event_id1=4922\">Clubabend<\/a><\/h3><\/div><span class=\"event-time\">18:00<\/span><span class=\"event-location\">Clublokal Wien 2., Handelskai 394<\/span><\/div>\n\t\t\t\t<\/li>\n\t\t\t \t<li class=\"event \">\n\t\t\t\t\t<div class=\"event-date\"><div class=\"enddate\"><div class=\"event-weekday\">Sa.<\/div><div class=\"event-day\">22<\/div><div class=\"event-month\">Aug.<\/div><div class=\"event-year\">2026<\/div><\/div><\/div>\n\t\t\t\t\t<div class=\"event-info multi-day\"><div class=\"event-title\"><h3><a href=\"https:\/\/www.polizeimotorsport.at\/?page_id=207&amp;rest_route=%2Fwp%2Fv2%2Fpages%2F207&amp;event_id1=4983\">Herbstslalom<\/a><\/h3><\/div><span class=\"event-location\">Raasdorf<\/span><\/div>\n\t\t\t\t<\/li>\n\t\t\t \t<li class=\"event \">\n\t\t\t\t\t<div class=\"event-date multi-date\"><div class=\"startdate\"><div class=\"event-weekday\">Mi.<\/div><div class=\"event-day\">26<\/div><div class=\"event-month\">Aug.<\/div><div class=\"event-year\">2026<\/div><\/div><div class=\"enddate\"><div class=\"event-weekday\">Fr.<\/div><div class=\"event-day\">28<\/div><div class=\"event-month\">Aug.<\/div><div class=\"event-year\">2026<\/div><\/div><\/div>\n\t\t\t\t\t<div class=\"event-info multi-day\"><div class=\"event-title\"><h3><a href=\"https:\/\/www.polizeimotorsport.at\/?page_id=207&amp;rest_route=%2Fwp%2Fv2%2Fpages%2F207&amp;event_id1=4957\">76. Int. Polizeisternfahrt nach Gdynia\/Polen<\/a><\/h3><\/div><span class=\"event-location\">Gdynia\/Polen<\/span><\/div>\n\t\t\t\t<\/li>\n\t\t\t \t<li class=\"event \">\n\t\t\t\t\t<div class=\"event-date\"><div class=\"enddate\"><div class=\"event-weekday\">Do.<\/div><div class=\"event-day\">27<\/div><div class=\"event-month\">Aug.<\/div><div class=\"event-year\">2026<\/div><\/div><\/div>\n\t\t\t\t\t<div class=\"event-info multi-day\"><div class=\"event-title\"><h3><a href=\"https:\/\/www.polizeimotorsport.at\/?page_id=207&amp;rest_route=%2Fwp%2Fv2%2Fpages%2F207&amp;event_id1=4893\">4. Lauf zur 9. IPMC-Europameisterschaft in Gdynia (PL) f\u00fcr Motorrad und Automobil<\/a><\/h3><\/div><\/div>\n\t\t\t\t<\/li>\n\t\t\t \t<li class=\"event \">\n\t\t\t\t\t<div class=\"event-date\"><div class=\"enddate\"><div class=\"event-weekday\">Do.<\/div><div class=\"event-day\">03<\/div><div class=\"event-month\">Sep.<\/div><div class=\"event-year\">2026<\/div><\/div><\/div>\n\t\t\t\t\t<div class=\"event-info multi-day\"><div class=\"event-title\"><h3><a href=\"https:\/\/www.polizeimotorsport.at\/?page_id=207&amp;rest_route=%2Fwp%2Fv2%2Fpages%2F207&amp;event_id1=4924\">Clubabend<\/a><\/h3><\/div><span class=\"event-time\">18:00<\/span><span class=\"event-location\">Clublokal Wien 2., Handelskai 394<\/span><\/div>\n\t\t\t\t<\/li>\n\t\t\t \t<li class=\"event \">\n\t\t\t\t\t<div class=\"event-date\"><div class=\"enddate\"><div class=\"event-weekday\">Do.<\/div><div class=\"event-day\">17<\/div><div class=\"event-month\">Sep.<\/div><div class=\"event-year\">2026<\/div><\/div><\/div>\n\t\t\t\t\t<div class=\"event-info multi-day\"><div class=\"event-title\"><h3><a href=\"https:\/\/www.polizeimotorsport.at\/?page_id=207&amp;rest_route=%2Fwp%2Fv2%2Fpages%2F207&amp;event_id1=4926\">Clubabend<\/a><\/h3><\/div><span class=\"event-time\">18:00<\/span><span class=\"event-location\">Clublokal Wien 2., Handelskai 394<\/span><\/div>\n\t\t\t\t<\/li>\n\t\t\t \t<li class=\"event \">\n\t\t\t\t\t<div class=\"event-date\"><div class=\"enddate\"><div class=\"event-weekday\">Do.<\/div><div class=\"event-day\">01<\/div><div class=\"event-month\">Okt.<\/div><div class=\"event-year\">2026<\/div><\/div><\/div>\n\t\t\t\t\t<div class=\"event-info multi-day\"><div class=\"event-title\"><h3><a href=\"https:\/\/www.polizeimotorsport.at\/?page_id=207&amp;rest_route=%2Fwp%2Fv2%2Fpages%2F207&amp;event_id1=4928\">Clubabend<\/a><\/h3><\/div><span class=\"event-time\">18:00<\/span><span class=\"event-location\">Clublokal Wien 2., Handelskai 394<\/span><\/div>\n\t\t\t\t<\/li>\n\t\t\t \t<li class=\"event \">\n\t\t\t\t\t<div class=\"event-date\"><div class=\"enddate\"><div class=\"event-weekday\">Do.<\/div><div class=\"event-day\">15<\/div><div class=\"event-month\">Okt.<\/div><div class=\"event-year\">2026<\/div><\/div><\/div>\n\t\t\t\t\t<div class=\"event-info multi-day\"><div class=\"event-title\"><h3><a href=\"https:\/\/www.polizeimotorsport.at\/?page_id=207&amp;rest_route=%2Fwp%2Fv2%2Fpages%2F207&amp;event_id1=4930\">Clubabend<\/a><\/h3><\/div><span class=\"event-time\">18:00<\/span><span class=\"event-location\">Clublokal Wien 2., Handelskai 394<\/span><\/div>\n\t\t\t\t<\/li>\n\t\t\t \t<li class=\"event \">\n\t\t\t\t\t<div class=\"event-date\"><div class=\"enddate\"><div class=\"event-weekday\">Do.<\/div><div class=\"event-day\">05<\/div><div class=\"event-month\">Nov.<\/div><div class=\"event-year\">2026<\/div><\/div><\/div>\n\t\t\t\t\t<div class=\"event-info multi-day\"><div class=\"event-title\"><h3><a href=\"https:\/\/www.polizeimotorsport.at\/?page_id=207&amp;rest_route=%2Fwp%2Fv2%2Fpages%2F207&amp;event_id1=4932\">Clubabend<\/a><\/h3><\/div><span class=\"event-time\">18:00<\/span><span class=\"event-location\">Clublokal Wien 2., Handelskai 394<\/span><\/div>\n\t\t\t\t<\/li>\n\t\t\t \t<li class=\"event \">\n\t\t\t\t\t<div class=\"event-date\"><div class=\"enddate\"><div class=\"event-weekday\">Do.<\/div><div class=\"event-day\">19<\/div><div class=\"event-month\">Nov.<\/div><div class=\"event-year\">2026<\/div><\/div><\/div>\n\t\t\t\t\t<div class=\"event-info multi-day\"><div class=\"event-title\"><h3><a href=\"https:\/\/www.polizeimotorsport.at\/?page_id=207&amp;rest_route=%2Fwp%2Fv2%2Fpages%2F207&amp;event_id1=4934\">Clubabend<\/a><\/h3><\/div><span class=\"event-time\">18:00<\/span><span class=\"event-location\">Clublokal Wien 2., Handelskai 394<\/span><\/div>\n\t\t\t\t<\/li>\n\t\t\t \t<li class=\"event \">\n\t\t\t\t\t<div class=\"event-date\"><div class=\"enddate\"><div class=\"event-weekday\">Do.<\/div><div class=\"event-day\">03<\/div><div class=\"event-month\">Dez.<\/div><div class=\"event-year\">2026<\/div><\/div><\/div>\n\t\t\t\t\t<div class=\"event-info multi-day\"><div class=\"event-title\"><h3><a href=\"https:\/\/www.polizeimotorsport.at\/?page_id=207&amp;rest_route=%2Fwp%2Fv2%2Fpages%2F207&amp;event_id1=4936\">Clubabend entf\u00e4llt<\/a><\/h3><\/div><span class=\"event-location\">Clublokal Wien 2., Handelskai 394<\/span><\/div>\n\t\t\t\t<\/li>\n\t\t\t \t<li class=\"event \">\n\t\t\t\t\t<div class=\"event-date\"><div class=\"enddate\"><div class=\"event-weekday\">Sa.<\/div><div class=\"event-day\">05<\/div><div class=\"event-month\">Dez.<\/div><div class=\"event-year\">2026<\/div><\/div><\/div>\n\t\t\t\t\t<div class=\"event-info multi-day\"><div class=\"event-title\"><h3><a href=\"https:\/\/www.polizeimotorsport.at\/?page_id=207&amp;rest_route=%2Fwp%2Fv2%2Fpages%2F207&amp;event_id1=4711\">Vorweihnachtlicher Punschabend<\/a><\/h3><\/div><span class=\"event-time\">18:00<\/span><span class=\"event-location\">Clublokal<\/span><\/div>\n\t\t\t\t<\/li>\n\t\t\t \t<li class=\"event \">\n\t\t\t\t\t<div class=\"event-date\"><div class=\"enddate\"><div class=\"event-weekday\">Do.<\/div><div class=\"event-day\">17<\/div><div class=\"event-month\">Dez.<\/div><div class=\"event-year\">2026<\/div><\/div><\/div>\n\t\t\t\t\t<div class=\"event-info multi-day\"><div class=\"event-title\"><h3><a href=\"https:\/\/www.polizeimotorsport.at\/?page_id=207&amp;rest_route=%2Fwp%2Fv2%2Fpages%2F207&amp;event_id1=4938\">Clubabend<\/a><\/h3><\/div><span class=\"event-time\">18:00<\/span><span class=\"event-location\">Clublokal Wien 2., Handelskai 394<\/span><\/div>\n\t\t\t\t<\/li><\/ul>\n\t\t\t\t<\/div>\n<p>&nbsp;<\/p>\n<p>GANZJ\u00c4HRIG :<\/p>\n<p><span style=\"font-size: 18px;\">Fahrtechnikkurse in den Fahrtechnikzentren des \u00d6AMTC<\/span><br \/>\n<span style=\"font-size: 18px;\"><span style=\"font-size: 16px;\">(jederzeit m\u00f6glich, Termine richten sich nach den Anfragen)<\/span><\/span><\/p>\n<hr style=\"height: 3px; width: 100%;\" size=\"3\" width=\"100%\" \/>\n<p>&nbsp;<\/p>\n<p style=\"text-align: left;\">Wir ersuchen unsere Mitglieder und Motorsportfreunde diese Termine vorzumerken, betonen aber, dass die Programmvorschau vorl\u00e4ufig erstellt wurde<br \/>\nund etwaige \u00c4nderungen bekanntgegeben werden.<\/p>\n<p>Wir freuen uns auf eure Teilnahme!<\/p>\n<p><strong>Das Team\u00a0der Polizeimotorsportler<\/strong><\/p>\n","protected":false},"excerpt":{"rendered":"<p>&nbsp; J A H R E S P R O G R A M M \u00a0\u00a0 &nbsp; GANZJ\u00c4HRIG : Fahrtechnikkurse in den Fahrtechnikzentren des \u00d6AMTC (jederzeit m\u00f6glich, Termine richten sich nach den Anfragen) &nbsp; Wir ersuchen unsere Mitglieder und Motorsportfreunde diese Termine vorzumerken, betonen aber, dass die Programmvorschau vorl\u00e4ufig erstellt \u2026 <a class=\"continue-reading-link\" href=\"https:\/\/www.polizeimotorsport.at\/?page_id=207\">Weiter&#8230; <span class=\"meta-nav\">&rarr; <\/span><\/a><\/p>\n","protected":false},"author":1,"featured_media":0,"parent":0,"menu_order":0,"comment_status":"closed","ping_status":"closed","template":"","meta":{"footnotes":""},"class_list":["post-207","page","type-page","status-publish","hentry"],"_links":{"self":[{"href":"https:\/\/www.polizeimotorsport.at\/index.php?rest_route=\/wp\/v2\/pages\/207","targetHints":{"allow":["GET"]}}],"collection":[{"href":"https:\/\/www.polizeimotorsport.at\/index.php?rest_route=\/wp\/v2\/pages"}],"about":[{"href":"https:\/\/www.polizeimotorsport.at\/index.php?rest_route=\/wp\/v2\/types\/page"}],"author":[{"embeddable":true,"href":"https:\/\/www.polizeimotorsport.at\/index.php?rest_route=\/wp\/v2\/users\/1"}],"replies":[{"embeddable":true,"href":"https:\/\/www.polizeimotorsport.at\/index.php?rest_route=%2Fwp%2Fv2%2Fcomments&post=207"}],"version-history":[{"count":20,"href":"https:\/\/www.polizeimotorsport.at\/index.php?rest_route=\/wp\/v2\/pages\/207\/revisions"}],"predecessor-version":[{"id":4891,"href":"https:\/\/www.polizeimotorsport.at\/index.php?rest_route=\/wp\/v2\/pages\/207\/revisions\/4891"}],"wp:attachment":[{"href":"https:\/\/www.polizeimotorsport.at\/index.php?rest_route=%2Fwp%2Fv2%2Fmedia&parent=207"}],"curies":[{"name":"wp","href":"https:\/\/api.w.org\/{rel}","templated":true}]}}