{"id":226,"date":"2013-04-16T23:23:45","date_gmt":"2013-04-16T21:23:45","guid":{"rendered":"http:\/\/www.polizeimotorsport.at\/?page_id=226"},"modified":"2013-04-17T01:19:04","modified_gmt":"2013-04-16T23:19:04","slug":"psv-wien","status":"publish","type":"page","link":"https:\/\/www.polizeimotorsport.at\/?page_id=226","title":{"rendered":"PSV WIEN"},"content":{"rendered":"<p><span style=\"font-size: 20px;\"><strong><span style=\"font-size: 22px;\"><a href=\"http:\/\/www.polizeimotorsport.at\/wp-content\/uploads\/2013\/04\/logo.gif\"><img loading=\"lazy\" decoding=\"async\" class=\"alignnone size-full wp-image-233\" style=\"border: 0px;\" alt=\"PSV WIEN\" src=\"http:\/\/www.polizeimotorsport.at\/wp-content\/uploads\/2013\/04\/logo.gif\" width=\"161\" height=\"58\" \/><\/a>\u00a0Der Verein<br \/>\n<span style=\"font-size: 24px;\">M O T O R S P O R T \u00a0 \u00a0im \u00a0 Wandel \u00a0 der \u00a0 Zeit &#8230;<\/span><\/span><\/strong><br \/>\n<a href=\"http:\/\/www.polizeimotorsport.at\/wp-content\/uploads\/2013\/04\/zeit1.jpg\"><br \/>\n<img loading=\"lazy\" decoding=\"async\" alt=\"zeit1\" src=\"http:\/\/www.polizeimotorsport.at\/wp-content\/uploads\/2013\/04\/zeit1.jpg\" width=\"150\" height=\"123\" \/><\/a>\u00a0<a href=\"http:\/\/www.polizeimotorsport.at\/wp-content\/uploads\/2013\/04\/zeit2.jpg\"><img loading=\"lazy\" decoding=\"async\" alt=\"zeit2\" src=\"http:\/\/www.polizeimotorsport.at\/wp-content\/uploads\/2013\/04\/zeit2.jpg\" width=\"160\" height=\"106\" \/><\/a>\u00a0<a href=\"http:\/\/www.polizeimotorsport.at\/wp-content\/uploads\/2013\/04\/zeit3.jpg\"><img loading=\"lazy\" decoding=\"async\" alt=\"\" src=\"http:\/\/www.polizeimotorsport.at\/wp-content\/uploads\/2013\/04\/zeit3.jpg\" width=\"150\" height=\"104\" \/><\/a><br \/>\n<\/span><\/p>\n<p>Als am 3. Mai 1927 einige motorsportbegeisterte Polizeibeamte entschlossen die Motorsportsektion zu gr\u00fcnden, konnten sie nicht ahnen, welchen Aufschwung diese Sportart in der Zukunft nehmen w\u00fcrde und welche Bedeutung die Motorisierung f\u00fcr den Verkehr, die Wirtschaft und f\u00fcr eine sinnvolle Freizeitgestaltung bevorstand.Es war eine Zeit, in der die Haltung eines Kraftfahrzeuges ein ausgesprochener Luxus war und die Gr\u00fcnder waren daher ausnahmslos Kraftradbesitzer.<\/p>\n<p>Die schlechten Stra\u00dfen, die finanzielle Belastung und das zur Verf\u00fcgung stehende Maschinenmaterial forderte von den Fahrern viel Idealismus und sportliche Einstellung. Und doch waren alle der Faszination des Motors verfallen. Mit der gleichen Begeisterung und mit dem notwendigen Elan schufen diese M\u00e4nner nach Kriegsende 1945 aus einem Schrotthaufen die ersten Fahrzeuge f\u00fcr den Polizeidienst.<\/p>\n<p>In dieser schweren Zeit waren es auch die Polizeimotorsportler, die mit dem bekannten Rennen \u201eRund um das Heustadlwasser\u201c die europ\u00e4ische Zweirad-Rennelite an den Start brachten, den Polizeisport weit in die \u00d6ffentlichkeit trugen und mit den Veranstaltungserl\u00f6sen die finanzielle Basis f\u00fcr die Entwicklung der Polizeisportvereinigung Wien schufen.Wenn heute der Motorsport, so wie alle anderen Sportarten, nur mit breitester Unterst\u00fctzung erfolgreich betrieben werden kann, so steht doch im Mittelpunkt noch immer der Mensch mit seinem Leistungswillen, seiner Liebe zum Sport und mit dem Willen, den Fortschritt der Technik zu n\u00fctzen.<br \/>\nSo ist der Geist der Zwanzigerjahre frisch und munter geblieben, der Geist der notwendig ist, einem Club neue Ideen zuzuf\u00fchren und diese auch in die Tat umzusetzen. In diesem Sinne ist es der derzeitigen Sektionsleitung eine aufrichtige Verpflichtung, das begonnene Werk fortzusetzen und den guten Ruf des Polizeimotorsports zu festigen.<\/p>\n<p>Heute haben wir einen Mitgliederstand von fast 400 Mitglieder zu verzeichnen wobei viele sich aktiv am Sportgeschehen beteiligen.Unser Hauptaugenmerk liegt vor allem bei den Neuzug\u00e4ngen in der F\u00f6rderung der Fahrt\u00fcchtigkeit.<\/p>\n<p>Wir veranstalten lizenzfreie Slalombewerbe, Trialfahrten mit gel\u00e4ndeg\u00e4ngigen Fahrzeugen, Geschicklichkeitsbewerbe&#8230;.<\/p>\n<p>All diese Veranstaltungen werden zum Teil mit den eigenen Fahrzeugen bzw. mit beigestellten Fahrzeugen durchgef\u00fchrt. Weiters k\u00f6nnen wir unseren Mitgliedern ein reges Clubleben anbieten, wobei Fachgespr\u00e4che an der Tagesordnung stehen aber auch das Gesellige nicht zu kurz kommt.<\/p>\n<p>Viele Clubreisen f\u00fchrten uns bereits in die ganze Welt.<br \/>\nUnd die jedes Jahr stattfindenden int. Polizeisternfahrten f\u00f6rdern den beruflichen Gedankenaustausch.<br \/>\nBei diesen Sternfahrten die jedes Jahr an einem anderen Ort veranstaltet werden, wird die IPMC-Europameisterschaft f\u00fcr Automobile und Motorr\u00e4der durchgef\u00fchrt.<\/p>\n<p>Sie sehen werter Leser, wir bieten vieles und dies nicht nur f\u00fcr Exekutivbeamte sondern auch f\u00fcr alle<br \/>\nalso auch denen im privatem Leben stehenden Personen Sollten Sie an unserem Vereinsgeschehen<br \/>\ninteressiert sein, so sagen wir<\/p>\n<p><strong>H e r z l i c h \u00a0w i l l k o m m e n<\/strong><\/p>\n<p>Unsere Sektionsleiter von Beginn bis heute :<\/p>\n<p>1927 bis 1941 Polizei Rayonsinspektor Franz MINHA<br \/>\n1938 bis 1945 Einschr\u00e4nkung des Vereinslebens,<br \/>\nwobei w\u00e4hrend den Kriegsjahren die Vereinst\u00e4tigkeit g\u00e4nzlich stillstand<br \/>\n1945 bis 1956 Kanzleidirektor Karl BEYER<br \/>\n1956 bis 1960 Polizei Abteilungsinspektor Friedrich RODT<br \/>\n1960 bis 1964 Polizei Oberstleutnant Ing. Laurenz BINDER<br \/>\n1964 bis 1983 Polizei Oberst Kurt M\u00dcLLER<br \/>\n1983 bis 2001 Polizei Bezirksinspektor Franz LANG<br \/>\n2001 bis . . . . Polizei Gruppeninspektor\u00a0<strong>Christian ROSNER<\/strong><\/p>\n","protected":false},"excerpt":{"rendered":"<p>\u00a0Der Verein M O T O R S P O R T \u00a0 \u00a0im \u00a0 Wandel \u00a0 der \u00a0 Zeit &#8230; \u00a0\u00a0 Als am 3. Mai 1927 einige motorsportbegeisterte Polizeibeamte entschlossen die Motorsportsektion zu gr\u00fcnden, konnten sie nicht ahnen, welchen Aufschwung diese Sportart in der Zukunft nehmen w\u00fcrde und welche \u2026 <a class=\"continue-reading-link\" href=\"https:\/\/www.polizeimotorsport.at\/?page_id=226\">Weiter&#8230; <span class=\"meta-nav\">&rarr; <\/span><\/a><\/p>\n","protected":false},"author":1,"featured_media":0,"parent":0,"menu_order":0,"comment_status":"closed","ping_status":"closed","template":"","meta":{"footnotes":""},"class_list":["post-226","page","type-page","status-publish","hentry"],"_links":{"self":[{"href":"https:\/\/www.polizeimotorsport.at\/index.php?rest_route=\/wp\/v2\/pages\/226","targetHints":{"allow":["GET"]}}],"collection":[{"href":"https:\/\/www.polizeimotorsport.at\/index.php?rest_route=\/wp\/v2\/pages"}],"about":[{"href":"https:\/\/www.polizeimotorsport.at\/index.php?rest_route=\/wp\/v2\/types\/page"}],"author":[{"embeddable":true,"href":"https:\/\/www.polizeimotorsport.at\/index.php?rest_route=\/wp\/v2\/users\/1"}],"replies":[{"embeddable":true,"href":"https:\/\/www.polizeimotorsport.at\/index.php?rest_route=%2Fwp%2Fv2%2Fcomments&post=226"}],"version-history":[{"count":0,"href":"https:\/\/www.polizeimotorsport.at\/index.php?rest_route=\/wp\/v2\/pages\/226\/revisions"}],"wp:attachment":[{"href":"https:\/\/www.polizeimotorsport.at\/index.php?rest_route=%2Fwp%2Fv2%2Fmedia&parent=226"}],"curies":[{"name":"wp","href":"https:\/\/api.w.org\/{rel}","templated":true}]}}