{"id":82,"date":"2013-03-28T05:40:03","date_gmt":"2013-03-28T03:40:03","guid":{"rendered":"http:\/\/www.polizeimotorsport.at\/?page_id=82"},"modified":"2013-04-24T17:50:27","modified_gmt":"2013-04-24T15:50:27","slug":"schmid-roman","status":"publish","type":"page","link":"https:\/\/www.polizeimotorsport.at\/?page_id=82","title":{"rendered":"SCHMID Roman"},"content":{"rendered":"<p>Name:\u00a0<strong><span style=\"font-size: 20px;\">Roman SCHMID<\/span><\/strong><\/p>\n<p>Beruf:\u00a0Sch\u00fcler(HTL)<\/p>\n<p>Teilnahme an:<br \/>\n\u00d6M \u2013 Automobilslalom sowie an clubeigenen Veranstaltungen<\/p>\n<p>(Lizenzfreie Autoslalom\u2019s, Geschicklichkeitsfahren, Pajero-Trial)<\/p>\n<p>Eingesetztes Fahrzeug:<br \/>\nserienm\u00e4\u00dfiger SUZUKI SWIFT GTI 16 V (1298 ccm, 101 PS)<\/p>\n<p>Erfolge:<br \/>\n2006 und 2007 JUNIOR POKAL in der \u00f6sterr. Automobil-Slalom-Staatsmeisterschaft (Div. I) sowie Stockerlpl\u00e4tze bei lizenzfreien Veranstaltungen.<\/p>\n<p>2008 Zum dritten Mal in Serie, den<\/p>\n<p>\u00d6sterreichischen. JUNIOR Pokal Automobil Slalom Staatsmeisterschaft<\/p>\n<p>E-Mail:\u00a0Roman.Schmid@polizeimotorsport.at<\/p>\n<p>AKTUELLES SPORTFAHRZEUG :<\/p>\n<p><a href=\"http:\/\/www.polizeimotorsport.at\/wp-content\/uploads\/2013\/03\/06-roman.jpg\"><img loading=\"lazy\" decoding=\"async\" class=\"alignnone size-full wp-image-334\" alt=\"06-roman\" src=\"http:\/\/www.polizeimotorsport.at\/wp-content\/uploads\/2013\/03\/06-roman.jpg\" width=\"500\" height=\"333\" srcset=\"https:\/\/www.polizeimotorsport.at\/wp-content\/uploads\/2013\/03\/06-roman.jpg 500w, https:\/\/www.polizeimotorsport.at\/wp-content\/uploads\/2013\/03\/06-roman-225x150.jpg 225w\" sizes=\"auto, (max-width: 500px) 100vw, 500px\" \/><\/a><\/p>\n<p>&nbsp;<\/p>\n<p><a href=\"http:\/\/www.polizeimotorsport.at\/wp-content\/uploads\/2013\/03\/RomanSchmid01.jpg\"><img loading=\"lazy\" decoding=\"async\" class=\"alignnone size-full wp-image-335\" alt=\"RomanSchmid01\" src=\"http:\/\/www.polizeimotorsport.at\/wp-content\/uploads\/2013\/03\/RomanSchmid01.jpg\" width=\"500\" height=\"333\" srcset=\"https:\/\/www.polizeimotorsport.at\/wp-content\/uploads\/2013\/03\/RomanSchmid01.jpg 500w, https:\/\/www.polizeimotorsport.at\/wp-content\/uploads\/2013\/03\/RomanSchmid01-225x150.jpg 225w\" sizes=\"auto, (max-width: 500px) 100vw, 500px\" \/><\/a><\/p>\n","protected":false},"excerpt":{"rendered":"<p>Name:\u00a0Roman SCHMID Beruf:\u00a0Sch\u00fcler(HTL) Teilnahme an: \u00d6M \u2013 Automobilslalom sowie an clubeigenen Veranstaltungen (Lizenzfreie Autoslalom\u2019s, Geschicklichkeitsfahren, Pajero-Trial) Eingesetztes Fahrzeug: serienm\u00e4\u00dfiger SUZUKI SWIFT GTI 16 V (1298 ccm, 101 PS) Erfolge: 2006 und 2007 JUNIOR POKAL in der \u00f6sterr. Automobil-Slalom-Staatsmeisterschaft (Div. I) sowie Stockerlpl\u00e4tze bei lizenzfreien Veranstaltungen. 2008 Zum dritten Mal in \u2026 <a class=\"continue-reading-link\" href=\"https:\/\/www.polizeimotorsport.at\/?page_id=82\">Weiter&#8230; <span class=\"meta-nav\">&rarr; <\/span><\/a><\/p>\n","protected":false},"author":1,"featured_media":335,"parent":0,"menu_order":0,"comment_status":"closed","ping_status":"closed","template":"","meta":{"footnotes":""},"class_list":["post-82","page","type-page","status-publish","has-post-thumbnail","hentry"],"_links":{"self":[{"href":"https:\/\/www.polizeimotorsport.at\/index.php?rest_route=\/wp\/v2\/pages\/82","targetHints":{"allow":["GET"]}}],"collection":[{"href":"https:\/\/www.polizeimotorsport.at\/index.php?rest_route=\/wp\/v2\/pages"}],"about":[{"href":"https:\/\/www.polizeimotorsport.at\/index.php?rest_route=\/wp\/v2\/types\/page"}],"author":[{"embeddable":true,"href":"https:\/\/www.polizeimotorsport.at\/index.php?rest_route=\/wp\/v2\/users\/1"}],"replies":[{"embeddable":true,"href":"https:\/\/www.polizeimotorsport.at\/index.php?rest_route=%2Fwp%2Fv2%2Fcomments&post=82"}],"version-history":[{"count":0,"href":"https:\/\/www.polizeimotorsport.at\/index.php?rest_route=\/wp\/v2\/pages\/82\/revisions"}],"wp:featuredmedia":[{"embeddable":true,"href":"https:\/\/www.polizeimotorsport.at\/index.php?rest_route=\/wp\/v2\/media\/335"}],"wp:attachment":[{"href":"https:\/\/www.polizeimotorsport.at\/index.php?rest_route=%2Fwp%2Fv2%2Fmedia&parent=82"}],"curies":[{"name":"wp","href":"https:\/\/api.w.org\/{rel}","templated":true}]}}